{"id":368,"date":"2021-02-08T10:24:07","date_gmt":"2021-02-08T09:24:07","guid":{"rendered":"https:\/\/hannes-kollegen.de\/?page_id=368"},"modified":"2025-09-17T12:51:18","modified_gmt":"2025-09-17T10:51:18","slug":"karriere","status":"publish","type":"page","link":"https:\/\/hannes-kollegen.de\/en\/karriere\/","title":{"rendered":"Careers"},"content":{"rendered":"<div data-elementor-type=\"wp-page\" data-elementor-id=\"368\" class=\"elementor elementor-368\" data-elementor-post-type=\"page\">\n\t\t\t\t\t\t<section class=\"elementor-section elementor-top-section elementor-element elementor-element-ed056c2 elementor-section-height-min-height elementor-section-boxed elementor-section-height-default elementor-section-items-middle\" data-id=\"ed056c2\" data-element_type=\"section\" data-e-type=\"section\" data-settings=\"{&quot;background_background&quot;:&quot;classic&quot;}\">\n\t\t\t\t\t\t\t<div class=\"elementor-background-overlay\"><\/div>\n\t\t\t\t\t\t\t<div class=\"elementor-container elementor-column-gap-default\">\n\t\t\t\t\t<div class=\"elementor-column elementor-col-50 elementor-top-column elementor-element elementor-element-74609690\" data-id=\"74609690\" data-element_type=\"column\" data-e-type=\"column\">\n\t\t\t<div class=\"elementor-widget-wrap elementor-element-populated\">\n\t\t\t\t\t\t<div class=\"elementor-element elementor-element-6a4d0272 elementor-widget elementor-widget-heading\" data-id=\"6a4d0272\" data-element_type=\"widget\" data-e-type=\"widget\" data-widget_type=\"heading.default\">\n\t\t\t\t<div class=\"elementor-widget-container\">\n\t\t\t\t\t<h1 class=\"elementor-heading-title elementor-size-default\">Karriere machen bei Hannes &amp; Kollegen<\/h1>\t\t\t\t<\/div>\n\t\t\t\t<\/div>\n\t\t\t\t\t<\/div>\n\t\t<\/div>\n\t\t\t\t<div class=\"elementor-column elementor-col-50 elementor-top-column elementor-element elementor-element-67af12fe\" data-id=\"67af12fe\" data-element_type=\"column\" data-e-type=\"column\">\n\t\t\t<div class=\"elementor-widget-wrap\">\n\t\t\t\t\t\t\t<\/div>\n\t\t<\/div>\n\t\t\t\t\t<\/div>\n\t\t<\/section>\n\t\t\t\t<section class=\"elementor-section elementor-top-section elementor-element elementor-element-fb25347 sticky_con elementor-hidden-tablet elementor-hidden-phone elementor-section-boxed elementor-section-height-default elementor-section-height-default\" data-id=\"fb25347\" data-element_type=\"section\" data-e-type=\"section\">\n\t\t\t\t\t\t<div class=\"elementor-container elementor-column-gap-default\">\n\t\t\t\t\t<div class=\"elementor-column elementor-col-100 elementor-top-column elementor-element elementor-element-c13dd68\" data-id=\"c13dd68\" data-element_type=\"column\" data-e-type=\"column\">\n\t\t\t<div class=\"elementor-widget-wrap elementor-element-populated\">\n\t\t\t\t\t\t<section class=\"elementor-section elementor-inner-section elementor-element elementor-element-04f9f87 elementor-section-boxed elementor-section-height-default elementor-section-height-default\" data-id=\"04f9f87\" data-element_type=\"section\" data-e-type=\"section\" data-settings=\"{&quot;background_background&quot;:&quot;classic&quot;}\">\n\t\t\t\t\t\t<div class=\"elementor-container elementor-column-gap-default\">\n\t\t\t\t\t<div class=\"elementor-column elementor-col-100 elementor-inner-column elementor-element elementor-element-1703d7a\" data-id=\"1703d7a\" data-element_type=\"column\" data-e-type=\"column\" data-settings=\"{&quot;background_background&quot;:&quot;classic&quot;}\">\n\t\t\t<div class=\"elementor-widget-wrap elementor-element-populated\">\n\t\t\t\t\t\t<div class=\"elementor-element elementor-element-6cfbc8f elementor-widget elementor-widget-heading\" data-id=\"6cfbc8f\" data-element_type=\"widget\" data-e-type=\"widget\" data-widget_type=\"heading.default\">\n\t\t\t\t<div class=\"elementor-widget-container\">\n\t\t\t\t\t<h2 class=\"elementor-heading-title elementor-size-default\">Contact<\/h2>\t\t\t\t<\/div>\n\t\t\t\t<\/div>\n\t\t\t\t<div class=\"elementor-element elementor-element-8c9441e elementor-icon-list--layout-traditional elementor-list-item-link-full_width elementor-widget elementor-widget-icon-list\" data-id=\"8c9441e\" data-element_type=\"widget\" data-e-type=\"widget\" data-widget_type=\"icon-list.default\">\n\t\t\t\t<div class=\"elementor-widget-container\">\n\t\t\t\t\t\t\t<ul class=\"elementor-icon-list-items\">\n\t\t\t\t\t\t\t<li class=\"elementor-icon-list-item\">\n\t\t\t\t\t\t\t\t\t\t\t<span class=\"elementor-icon-list-icon\">\n\t\t\t\t\t\t\t<i aria-hidden=\"true\" class=\"fas fa-home\"><\/i>\t\t\t\t\t\t<\/span>\n\t\t\t\t\t\t\t\t\t\t<span class=\"elementor-icon-list-text\">Rankestra\u00dfe 17 | 10789 Berlin<\/span>\n\t\t\t\t\t\t\t\t\t<\/li>\n\t\t\t\t\t\t\t\t<li class=\"elementor-icon-list-item\">\n\t\t\t\t\t\t\t\t\t\t\t<a href=\"tel:+4903072615050\">\n\n\t\t\t\t\t\t\t\t\t\t\t\t<span class=\"elementor-icon-list-icon\">\n\t\t\t\t\t\t\t<svg xmlns=\"http:\/\/www.w3.org\/2000\/svg\" xmlns:xlink=\"http:\/\/www.w3.org\/1999\/xlink\" id=\"Capa_1\" x=\"0px\" y=\"0px\" viewbox=\"0 0 513.64 513.64\" style=\"enable-background:new 0 0 513.64 513.64;\" xml:space=\"preserve\"><g>\t<g>\t\t<path d=\"M499.66,376.96l-71.68-71.68c-25.6-25.6-69.12-15.359-79.36,17.92c-7.68,23.041-33.28,35.841-56.32,30.72    c-51.2-12.8-120.32-79.36-133.12-133.12c-7.68-23.041,7.68-48.641,30.72-56.32c33.28-10.24,43.52-53.76,17.92-79.36l-71.68-71.68    c-20.48-17.92-51.2-17.92-69.12,0l-48.64,48.64c-48.64,51.2,5.12,186.88,125.44,307.2c120.32,120.32,256,176.641,307.2,125.44    l48.64-48.64C517.581,425.6,517.581,394.88,499.66,376.96z\"><\/path>\t<\/g><\/g><g><\/g><g><\/g><g><\/g><g><\/g><g><\/g><g><\/g><g><\/g><g><\/g><g><\/g><g><\/g><g><\/g><g><\/g><g><\/g><g><\/g><g><\/g><\/svg>\t\t\t\t\t\t<\/span>\n\t\t\t\t\t\t\t\t\t\t<span class=\"elementor-icon-list-text\">(030) 726150 - 500<\/span>\n\t\t\t\t\t\t\t\t\t\t\t<\/a>\n\t\t\t\t\t\t\t\t\t<\/li>\n\t\t\t\t\t\t\t\t<li class=\"elementor-icon-list-item\">\n\t\t\t\t\t\t\t\t\t\t\t<a href=\"mailto:hannes@etl.de\">\n\n\t\t\t\t\t\t\t\t\t\t\t\t<span class=\"elementor-icon-list-icon\">\n\t\t\t\t\t\t\t<svg xmlns=\"http:\/\/www.w3.org\/2000\/svg\" xmlns:xlink=\"http:\/\/www.w3.org\/1999\/xlink\" id=\"Capa_1\" x=\"0px\" y=\"0px\" viewbox=\"0 0 512 512\" style=\"enable-background:new 0 0 512 512;\" xml:space=\"preserve\"><g>\t<g>\t\t<polygon points=\"339.392,258.624 512,367.744 512,144.896   \"><\/polygon>\t<\/g><\/g><g>\t<g>\t\t<polygon points=\"0,144.896 0,367.744 172.608,258.624   \"><\/polygon>\t<\/g><\/g><g>\t<g>\t\t<path d=\"M480,80H32C16.032,80,3.36,91.904,0.96,107.232L256,275.264l255.04-168.032C508.64,91.904,495.968,80,480,80z\"><\/path>\t<\/g><\/g><g>\t<g>\t\t<path d=\"M310.08,277.952l-45.28,29.824c-2.688,1.76-5.728,2.624-8.8,2.624c-3.072,0-6.112-0.864-8.8-2.624l-45.28-29.856    L1.024,404.992C3.488,420.192,16.096,432,32,432h448c15.904,0,28.512-11.808,30.976-27.008L310.08,277.952z\"><\/path>\t<\/g><\/g><g><\/g><g><\/g><g><\/g><g><\/g><g><\/g><g><\/g><g><\/g><g><\/g><g><\/g><g><\/g><g><\/g><g><\/g><g><\/g><g><\/g><g><\/g><\/svg>\t\t\t\t\t\t<\/span>\n\t\t\t\t\t\t\t\t\t\t<span class=\"elementor-icon-list-text\">hannes@etl.de<\/span>\n\t\t\t\t\t\t\t\t\t\t\t<\/a>\n\t\t\t\t\t\t\t\t\t<\/li>\n\t\t\t\t\t\t\t\t<li class=\"elementor-icon-list-item\">\n\t\t\t\t\t\t\t\t\t\t\t<a href=\"https:\/\/www.facebook.com\/Hannes2015\/\" target=\"_blank\">\n\n\t\t\t\t\t\t\t\t\t\t\t\t<span class=\"elementor-icon-list-icon\">\n\t\t\t\t\t\t\t<i aria-hidden=\"true\" class=\"fab fa-facebook-f\"><\/i>\t\t\t\t\t\t<\/span>\n\t\t\t\t\t\t\t\t\t\t<span class=\"elementor-icon-list-text\">Folgen<\/span>\n\t\t\t\t\t\t\t\t\t\t\t<\/a>\n\t\t\t\t\t\t\t\t\t<\/li>\n\t\t\t\t\t\t<\/ul>\n\t\t\t\t\t\t<\/div>\n\t\t\t\t<\/div>\n\t\t\t\t\t<\/div>\n\t\t<\/div>\n\t\t\t\t\t<\/div>\n\t\t<\/section>\n\t\t\t\t<div class=\"elementor-element elementor-element-3aa17db elementor-widget__width-initial elementor-absolute elementor-widget elementor-widget-button\" data-id=\"3aa17db\" data-element_type=\"widget\" data-e-type=\"widget\" data-settings=\"{&quot;_position&quot;:&quot;absolute&quot;}\" data-widget_type=\"button.default\">\n\t\t\t\t<div class=\"elementor-widget-container\">\n\t\t\t\t\t\t\t\t\t<div class=\"elementor-button-wrapper\">\n\t\t\t\t\t<a class=\"elementor-button elementor-size-sm\" role=\"button\" id=\"sticky_btn\">\n\t\t\t\t\t\t<span class=\"elementor-button-content-wrapper\">\n\t\t\t\t\t\t<span class=\"elementor-button-icon\">\n\t\t\t\t<i aria-hidden=\"true\" class=\"fas fa-user\"><\/i>\t\t\t<\/span>\n\t\t\t\t\t\t\t\t<\/span>\n\t\t\t\t\t<\/a>\n\t\t\t\t<\/div>\n\t\t\t\t\t\t\t\t<\/div>\n\t\t\t\t<\/div>\n\t\t\t\t\t<\/div>\n\t\t<\/div>\n\t\t\t\t\t<\/div>\n\t\t<\/section>\n\t\t\t\t<section class=\"elementor-section elementor-top-section elementor-element elementor-element-6d97607 elementor-section-boxed elementor-section-height-default elementor-section-height-default\" data-id=\"6d97607\" data-element_type=\"section\" data-e-type=\"section\">\n\t\t\t\t\t\t<div class=\"elementor-container elementor-column-gap-default\">\n\t\t\t\t\t<div class=\"elementor-column elementor-col-100 elementor-top-column elementor-element elementor-element-0464e3a\" data-id=\"0464e3a\" data-element_type=\"column\" data-e-type=\"column\">\n\t\t\t<div class=\"elementor-widget-wrap elementor-element-populated\">\n\t\t\t\t\t\t<section class=\"elementor-section elementor-inner-section elementor-element elementor-element-ac6c365 elementor-section-boxed elementor-section-height-default elementor-section-height-default\" data-id=\"ac6c365\" data-element_type=\"section\" data-e-type=\"section\">\n\t\t\t\t\t\t<div class=\"elementor-container elementor-column-gap-default\">\n\t\t\t\t\t<div class=\"elementor-column elementor-col-100 elementor-inner-column elementor-element elementor-element-8d3cc5f\" data-id=\"8d3cc5f\" data-element_type=\"column\" data-e-type=\"column\">\n\t\t\t<div class=\"elementor-widget-wrap elementor-element-populated\">\n\t\t\t\t\t\t<div class=\"elementor-element elementor-element-9bd2e03 elementor-hidden-tablet elementor-hidden-phone elementor-widget elementor-widget-heading\" data-id=\"9bd2e03\" data-element_type=\"widget\" data-e-type=\"widget\" data-widget_type=\"heading.default\">\n\t\t\t\t<div class=\"elementor-widget-container\">\n\t\t\t\t\t<h2 class=\"elementor-heading-title elementor-size-default\">Unsere aktuellen Vakanzen:<\/h2>\t\t\t\t<\/div>\n\t\t\t\t<\/div>\n\t\t\t\t\t<\/div>\n\t\t<\/div>\n\t\t\t\t\t<\/div>\n\t\t<\/section>\n\t\t\t\t<div class=\"elementor-element elementor-element-11a55a1 elementor-hidden-desktop elementor-widget elementor-widget-heading\" data-id=\"11a55a1\" data-element_type=\"widget\" data-e-type=\"widget\" data-widget_type=\"heading.default\">\n\t\t\t\t<div class=\"elementor-widget-container\">\n\t\t\t\t\t<h2 class=\"elementor-heading-title elementor-size-default\">Unsere aktuellen Vakanzen:<\/h2>\t\t\t\t<\/div>\n\t\t\t\t<\/div>\n\t\t\t\t<section class=\"elementor-section elementor-inner-section elementor-element elementor-element-a29547b elementor-section-boxed elementor-section-height-default elementor-section-height-default\" data-id=\"a29547b\" data-element_type=\"section\" data-e-type=\"section\">\n\t\t\t\t\t\t<div class=\"elementor-container elementor-column-gap-default\">\n\t\t\t\t\t<div class=\"elementor-column elementor-col-100 elementor-inner-column elementor-element elementor-element-ba92c1a\" data-id=\"ba92c1a\" data-element_type=\"column\" data-e-type=\"column\" data-settings=\"{&quot;background_background&quot;:&quot;classic&quot;}\">\n\t\t\t<div class=\"elementor-widget-wrap elementor-element-populated\">\n\t\t\t\t\t\t<section class=\"elementor-section elementor-inner-section elementor-element elementor-element-5e656a8 elementor-section-boxed elementor-section-height-default elementor-section-height-default\" data-id=\"5e656a8\" data-element_type=\"section\" data-e-type=\"section\">\n\t\t\t\t\t\t<div class=\"elementor-container elementor-column-gap-default\">\n\t\t\t\t\t<div class=\"elementor-column elementor-col-100 elementor-inner-column elementor-element elementor-element-6ab46f1\" data-id=\"6ab46f1\" data-element_type=\"column\" data-e-type=\"column\">\n\t\t\t<div class=\"elementor-widget-wrap elementor-element-populated\">\n\t\t\t\t\t\t<div class=\"elementor-element elementor-element-0c7c7c7 elementor-widget elementor-widget-toggle\" data-id=\"0c7c7c7\" data-element_type=\"widget\" data-e-type=\"widget\" data-widget_type=\"toggle.default\">\n\t\t\t\t<div class=\"elementor-widget-container\">\n\t\t\t\t\t\t\t<div class=\"elementor-toggle\">\n\t\t\t\t\t\t\t<div class=\"elementor-toggle-item\">\n\t\t\t\t\t<div id=\"elementor-tab-title-1301\" class=\"elementor-tab-title\" data-tab=\"1\" role=\"button\" aria-controls=\"elementor-tab-content-1301\" aria-expanded=\"false\">\n\t\t\t\t\t\t\t\t\t\t\t\t<span class=\"elementor-toggle-icon elementor-toggle-icon-right\" aria-hidden=\"true\">\n\t\t\t\t\t\t\t\t\t\t\t\t\t\t\t<span class=\"elementor-toggle-icon-closed\"><svg xmlns=\"http:\/\/www.w3.org\/2000\/svg\" xmlns:xlink=\"http:\/\/www.w3.org\/1999\/xlink\" width=\"24.909\" height=\"13.7\" viewbox=\"0 0 24.909 13.7\"><defs><style>.a,.c{fill:#443748;}.b{clip-path:url(#a);}.c{fill-rule:evenodd;}<\/style><clippath id=\"a\"><rect class=\"a\" width=\"13.7\" height=\"24.909\"><\/rect><\/clippath><\/defs><g transform=\"translate(24.909 -3) rotate(90)\"><g class=\"b\" transform=\"translate(3)\"><path class=\"c\" d=\"M.618,3.118,9.91,12.41.5,21.824h0A1.773,1.773,0,0,0,3,24.331H3L13.646,13.691h0a1.768,1.768,0,0,0,.543-1.276v-.008a1.765,1.765,0,0,0-.543-1.276h0L3,.489l0,0A1.773,1.773,0,1,0,.618,3.118\" transform=\"translate(-0.488 0.08)\"><\/path><\/g><\/g><\/svg><\/span>\n\t\t\t\t\t\t\t\t<span class=\"elementor-toggle-icon-opened\"><svg xmlns=\"http:\/\/www.w3.org\/2000\/svg\" xmlns:xlink=\"http:\/\/www.w3.org\/1999\/xlink\" width=\"24.909\" height=\"13.7\" viewbox=\"0 0 24.909 13.7\"><defs><style>.a,.c{fill:#443748;}.b{clip-path:url(#a);}.c{fill-rule:evenodd;}<\/style><clippath id=\"a\"><rect class=\"a\" width=\"13.7\" height=\"24.909\"><\/rect><\/clippath><\/defs><g transform=\"translate(0 16.7) rotate(-90)\"><g class=\"b\" transform=\"translate(3)\"><path class=\"c\" d=\"M.618,3.118,9.91,12.41.5,21.824h0A1.773,1.773,0,0,0,3,24.331H3L13.646,13.691h0a1.768,1.768,0,0,0,.543-1.276v-.008a1.765,1.765,0,0,0-.543-1.276h0L3,.489l0,0A1.773,1.773,0,1,0,.618,3.118\" transform=\"translate(-0.488 0.08)\"><\/path><\/g><\/g><\/svg><\/span>\n\t\t\t\t\t\t\t\t\t\t\t\t\t<\/span>\n\t\t\t\t\t\t\t\t\t\t\t\t<a class=\"elementor-toggle-title\" tabindex=\"0\">Steuerexperten (m\/w): Steuerfachangestellte \/ Steuerfachwirte \/ Bilanzbuchhalter<\/a>\n\t\t\t\t\t<\/div>\n\n\t\t\t\t\t<div id=\"elementor-tab-content-1301\" class=\"elementor-tab-content elementor-clearfix\" data-tab=\"1\" role=\"region\" aria-labelledby=\"elementor-tab-title-1301\"><h3>Aufgaben<\/h3><ul><li>Buchhaltung, Steuererkl\u00e4rung und Jahresabschluss<\/li><li>Bearbeitung von betriebswirtschaftlichen und steuerlichen Fragestellungen<\/li><li>Eigenst\u00e4ndige Mandantenbetreuung mit einem festen Mandantenkreis<\/li><\/ul><h3>Profil<\/h3><ul><li>Eine Ausbildung zum Steuerfachangestellten (m\/w), gerne mit Weiterbildung zum Steuerfachwirt bzw. Bilanzbuchhalter (oder einer vergleichbaren Ausbildung)<\/li><li>Berufserfahrung ist w\u00fcnschenswert, Berufsanf\u00e4nger sind bei uns aber ebenso willkommen<\/li><li>Sehr gute Kenntnisse in MS Office und DATEV<\/li><li>Digitale Aufgeschlossenheit und eigenverantwortliche Arbeitsweise<\/li><\/ul><h3>Benefits<\/h3><ul><li>Wertebasierte Unternehmenskultur und ein modernes Umfeld<\/li><li>Attraktive und leistungsbezogene Verg\u00fctung<\/li><li>Individuelle Arbeitszeitmodelle (Homeoffice m\u00f6glich)<\/li><li>F\u00f6rderung Ihrer beruflichen und pers\u00f6nlichen St\u00e4rken<\/li><\/ul><h3>Sie sind interessiert? Wir freuen uns auf Sie!<\/h3><p>Helfen Sie uns schnell zu reagieren, indem Sie bitte an folgende Unterlagen in Ihrer Bewerbung per Email oder Post denken<\/p><ul><li>Aussagekr\u00e4ftiges Anschreiben<\/li><li>\u00dcbersichtlich gegliederter Lebenslauf<\/li><li>Zeugnisse und Referenzen<\/li><\/ul><h4>Melden Sie sich gerne, wenn es Fragen zur Position, zum Bewerbungsprozess oder zum Unternehmen geben sollte.<\/h4><p>Ansprechpartner: Thomas Hannes (<a title=\"Opens internal link in current window\">thomas.hannes@ETL.de<\/a>)<br \/>Hannes &amp; Kollegen<br \/>Steuerberatungsgesellschaft mbH<br \/>Rankestra\u00dfe 17 | 10789 Berlin<\/p><h4><a title=\"Opens internal link in current window\" href=\"https:\/\/hannes-kollegen.de\/wp-content\/uploads\/2021\/02\/hannes_recruting2018_Stellenanzeige_steuerexperte.pdf\" target=\"_blank\" rel=\"noopener\">Ausschreibung im PDF Format<\/a><\/h4><\/div>\n\t\t\t\t<\/div>\n\t\t\t\t\t\t\t<div class=\"elementor-toggle-item\">\n\t\t\t\t\t<div id=\"elementor-tab-title-1302\" class=\"elementor-tab-title\" data-tab=\"2\" role=\"button\" aria-controls=\"elementor-tab-content-1302\" aria-expanded=\"false\">\n\t\t\t\t\t\t\t\t\t\t\t\t<span class=\"elementor-toggle-icon elementor-toggle-icon-right\" aria-hidden=\"true\">\n\t\t\t\t\t\t\t\t\t\t\t\t\t\t\t<span class=\"elementor-toggle-icon-closed\"><svg xmlns=\"http:\/\/www.w3.org\/2000\/svg\" xmlns:xlink=\"http:\/\/www.w3.org\/1999\/xlink\" width=\"24.909\" height=\"13.7\" viewbox=\"0 0 24.909 13.7\"><defs><style>.a,.c{fill:#443748;}.b{clip-path:url(#a);}.c{fill-rule:evenodd;}<\/style><clippath id=\"a\"><rect class=\"a\" width=\"13.7\" height=\"24.909\"><\/rect><\/clippath><\/defs><g transform=\"translate(24.909 -3) rotate(90)\"><g class=\"b\" transform=\"translate(3)\"><path class=\"c\" d=\"M.618,3.118,9.91,12.41.5,21.824h0A1.773,1.773,0,0,0,3,24.331H3L13.646,13.691h0a1.768,1.768,0,0,0,.543-1.276v-.008a1.765,1.765,0,0,0-.543-1.276h0L3,.489l0,0A1.773,1.773,0,1,0,.618,3.118\" transform=\"translate(-0.488 0.08)\"><\/path><\/g><\/g><\/svg><\/span>\n\t\t\t\t\t\t\t\t<span class=\"elementor-toggle-icon-opened\"><svg xmlns=\"http:\/\/www.w3.org\/2000\/svg\" xmlns:xlink=\"http:\/\/www.w3.org\/1999\/xlink\" width=\"24.909\" height=\"13.7\" viewbox=\"0 0 24.909 13.7\"><defs><style>.a,.c{fill:#443748;}.b{clip-path:url(#a);}.c{fill-rule:evenodd;}<\/style><clippath id=\"a\"><rect class=\"a\" width=\"13.7\" height=\"24.909\"><\/rect><\/clippath><\/defs><g transform=\"translate(0 16.7) rotate(-90)\"><g class=\"b\" transform=\"translate(3)\"><path class=\"c\" d=\"M.618,3.118,9.91,12.41.5,21.824h0A1.773,1.773,0,0,0,3,24.331H3L13.646,13.691h0a1.768,1.768,0,0,0,.543-1.276v-.008a1.765,1.765,0,0,0-.543-1.276h0L3,.489l0,0A1.773,1.773,0,1,0,.618,3.118\" transform=\"translate(-0.488 0.08)\"><\/path><\/g><\/g><\/svg><\/span>\n\t\t\t\t\t\t\t\t\t\t\t\t\t<\/span>\n\t\t\t\t\t\t\t\t\t\t\t\t<a class=\"elementor-toggle-title\" tabindex=\"0\">Angestellte(n) Kauffrau\/-mann f\u00fcr B\u00fcromanagement<\/a>\n\t\t\t\t\t<\/div>\n\n\t\t\t\t\t<div id=\"elementor-tab-content-1302\" class=\"elementor-tab-content elementor-clearfix\" data-tab=\"2\" role=\"region\" aria-labelledby=\"elementor-tab-title-1302\"><h3>Aufgaben<\/h3><ul><li>Vertragsmanagement<\/li><li>Rechnungslegung<\/li><li>Zahlungsverkehr<\/li><\/ul><h3>Profil<\/h3><ul><li>Eine kaufm\u00e4nnische Ausbildung<\/li><li>Berufserfahrung ist w\u00fcnschenswert, Berufsanf\u00e4nger sind bei uns aber ebenso willkomen<\/li><li>Sehr gute Kenntnisse in MS Office<\/li><li>Digitale Aufgeschlossenheit und eigenverantwortliche Arbeitsweise<\/li><li>Spa\u00df am Arbeiten mit Menschen<\/li><li>Kommunikationsf\u00e4higkeit und Kundenorientierung<\/li><\/ul><h3>Benefits<\/h3><ul><li>F\u00f6rderung Ihrer beruflichen und pers\u00f6nlichen St\u00e4rken<\/li><li>Wertebasierte Unternehmenskultur und ein modernes Umfeld<\/li><li>Attraktive Vertragsbindungen<\/li><li>Anspruchsvolles Aufgabenspektrum<\/li><\/ul><h3>Sie sind interessiert? Wir freuen uns auf Sie!<\/h3><p>Um den Bewerbungsprozess so effizient wie m\u00f6glich zu gestalten, reichen Sie bitte folgende Unterlagen ein:<\/p><ul><li>Aussagekr\u00e4ftiges Anschreiben<\/li><li>\u00dcbersichtlich gegliederter Lebenslauf<\/li><li>Zeugnisse und Referenzen<\/li><\/ul><p>\u00a0<\/p><h4>Melden Sie sich gerne, wenn es Fragen zum Bewerbungsprozess oder zum Unternehmen geben sollte.<\/h4><p>Ansprechpartner: Marijke Hannes (marijke.hannes@ETL.de)<br \/>Hannes &amp; Kollegen<br \/>Steuerberatungsgesellschaft mbH<br \/>Rankestra\u00dfe 17 | 10789 Berlin<br \/><a href=\"https:\/\/hannes-kollegen.de\/en\/\" target=\"_blank\" rel=\"noopener\">www.hannes-kollegen.de<\/a><\/p><h4><a title=\"Opens internal link in current window\" href=\"https:\/\/hannes-kollegen.de\/wp-content\/uploads\/2021\/02\/hannes_Stellenanzeige_kaufmaennische-angestellte_92x98_20190527_anisch_02__2_.pdf\" target=\"_blank\" rel=\"noopener\">Ausschreibung im PDF Format<\/a><\/h4><\/div>\n\t\t\t\t<\/div>\n\t\t\t\t\t\t\t<div class=\"elementor-toggle-item\">\n\t\t\t\t\t<div id=\"elementor-tab-title-1303\" class=\"elementor-tab-title\" data-tab=\"3\" role=\"button\" aria-controls=\"elementor-tab-content-1303\" aria-expanded=\"false\">\n\t\t\t\t\t\t\t\t\t\t\t\t<span class=\"elementor-toggle-icon elementor-toggle-icon-right\" aria-hidden=\"true\">\n\t\t\t\t\t\t\t\t\t\t\t\t\t\t\t<span class=\"elementor-toggle-icon-closed\"><svg xmlns=\"http:\/\/www.w3.org\/2000\/svg\" xmlns:xlink=\"http:\/\/www.w3.org\/1999\/xlink\" width=\"24.909\" height=\"13.7\" viewbox=\"0 0 24.909 13.7\"><defs><style>.a,.c{fill:#443748;}.b{clip-path:url(#a);}.c{fill-rule:evenodd;}<\/style><clippath id=\"a\"><rect class=\"a\" width=\"13.7\" height=\"24.909\"><\/rect><\/clippath><\/defs><g transform=\"translate(24.909 -3) rotate(90)\"><g class=\"b\" transform=\"translate(3)\"><path class=\"c\" d=\"M.618,3.118,9.91,12.41.5,21.824h0A1.773,1.773,0,0,0,3,24.331H3L13.646,13.691h0a1.768,1.768,0,0,0,.543-1.276v-.008a1.765,1.765,0,0,0-.543-1.276h0L3,.489l0,0A1.773,1.773,0,1,0,.618,3.118\" transform=\"translate(-0.488 0.08)\"><\/path><\/g><\/g><\/svg><\/span>\n\t\t\t\t\t\t\t\t<span class=\"elementor-toggle-icon-opened\"><svg xmlns=\"http:\/\/www.w3.org\/2000\/svg\" xmlns:xlink=\"http:\/\/www.w3.org\/1999\/xlink\" width=\"24.909\" height=\"13.7\" viewbox=\"0 0 24.909 13.7\"><defs><style>.a,.c{fill:#443748;}.b{clip-path:url(#a);}.c{fill-rule:evenodd;}<\/style><clippath id=\"a\"><rect class=\"a\" width=\"13.7\" height=\"24.909\"><\/rect><\/clippath><\/defs><g transform=\"translate(0 16.7) rotate(-90)\"><g class=\"b\" transform=\"translate(3)\"><path class=\"c\" d=\"M.618,3.118,9.91,12.41.5,21.824h0A1.773,1.773,0,0,0,3,24.331H3L13.646,13.691h0a1.768,1.768,0,0,0,.543-1.276v-.008a1.765,1.765,0,0,0-.543-1.276h0L3,.489l0,0A1.773,1.773,0,1,0,.618,3.118\" transform=\"translate(-0.488 0.08)\"><\/path><\/g><\/g><\/svg><\/span>\n\t\t\t\t\t\t\t\t\t\t\t\t\t<\/span>\n\t\t\t\t\t\t\t\t\t\t\t\t<a class=\"elementor-toggle-title\" tabindex=\"0\">Ausbildungsplatz: Steuerfachangestellte\/r<\/a>\n\t\t\t\t\t<\/div>\n\n\t\t\t\t\t<div id=\"elementor-tab-content-1303\" class=\"elementor-tab-content elementor-clearfix\" data-tab=\"3\" role=\"region\" aria-labelledby=\"elementor-tab-title-1303\"><h3>Ausbildung<\/h3><ul><li>Dauer: drei Jahre, kann aber um ein Jahr verk\u00fcrzt werden<\/li><li>Aufgeteilt in einen praktischen und einen berufsschulischen Bereich<\/li><li>Aufgaben: Unterst\u00fctzung des Teams bei der Bearbeitung von Mandantenunterlagen (z.B. in der Buchf\u00fchrung, Gehaltsabrechnungen oder Steuererkl\u00e4rungen)\u00a0<\/li><\/ul><h3>Profil<\/h3><ul><li>Mittleren Bildungsabschluss mit guten \/ sehr guten Noten oder die Hochschulreife<\/li><li>Interesse f\u00fcr wirtschaftliche und mathematische Zusammenh\u00e4nge<\/li><li>Kommunikationsf\u00e4higkeit und Kundenorientierung<\/li><li>Digitale Aufgeschlossenheit und eigenverantwortliche Arbeitsweise<\/li><li>Motivation und Wille sich im Steuerbereich stetig weiterzubilden<\/li><li>Spa\u00df am Arbeiten mit Menschen und deren sehr pers\u00f6nlichen Angelegenheiten<\/li><\/ul><h3>Benefits<\/h3><ul><li>Ausgezeichnete Karriereperspektiven und ein sicherer Arbeitsplatz<\/li><li>Wertebasierte Unternehmenskultur und ein modernes Umfeld<\/li><li>Attraktive Ausbildungsverg\u00fctung<\/li><li>Abwechslungsreicher Alltag: drei Tage in der Kanzlei, zwei in der Berufsschule<\/li><li>Fortbildungseinrichtungen zur individuellen Unterst\u00fctzung beim Wissensaufbau<\/li><\/ul><h2 align=\"center\">Sie sind interessiert? Wir freuen uns auf Sie!<\/h2><p>Um den Bewerbungsprozess so effizient wie m\u00f6glich zu gestalten, reichen Sie bitte folgende Unterlagen ein:<\/p><ul><li>Aussagekr\u00e4ftiges Anschreiben<\/li><li>\u00dcbersichtlich gegliederter Lebenslauf<\/li><li>Abschlusszeugnis oder letztes Zeugnis<\/li><li>Referenzen und Arbeitszeugnisse (z.B. Praktika)<\/li><\/ul><p>\u00a0<\/p><h4>Melden Sie sich gerne, wenn es Fragen zur Position, zum Bewerbungsprozess oder zum Unternehmen geben sollte.<\/h4><p>Ansprechpartner: Thomas Hannes (<a title=\"Opens internal link in current window\">thomas.hannes@ETL.de<\/a>)<br \/>Hannes &amp; Kollegen<br \/>Steuerberatungsgesellschaft mbH<br \/>Rankestra\u00dfe 17 | 10789 Berlin<\/p><h4><a title=\"Opens internal link in current window\" href=\"https:\/\/hannes-kollegen.de\/wp-content\/uploads\/2021\/02\/hannes_recruting2018_Stellenanzeige_steuerfachangestellter.pdf\" target=\"_blank\" rel=\"noopener\">Ausschreibung im PDF Format<\/a><\/h4><\/div>\n\t\t\t\t<\/div>\n\t\t\t\t\t\t\t\t<\/div>\n\t\t\t\t\t\t<\/div>\n\t\t\t\t<\/div>\n\t\t\t\t\t<\/div>\n\t\t<\/div>\n\t\t\t\t\t<\/div>\n\t\t<\/section>\n\t\t\t\t\t<\/div>\n\t\t<\/div>\n\t\t\t\t\t<\/div>\n\t\t<\/section>\n\t\t\t\t\t<\/div>\n\t\t<\/div>\n\t\t\t\t\t<\/div>\n\t\t<\/section>\n\t\t\t\t<\/div>","protected":false},"excerpt":{"rendered":"<p>Karriere machen bei Hannes &amp; Kollegen Kontakt Rankestra\u00dfe 17 | 10789 Berlin (030) 726150 &#8211; 500 hannes@etl.de Folgen Unsere aktuellen Vakanzen: Unsere aktuellen Vakanzen: Steuerexperten (m\/w): Steuerfachangestellte \/ Steuerfachwirte \/ Bilanzbuchhalter Aufgaben Buchhaltung, Steuererkl\u00e4rung und Jahresabschluss Bearbeitung von betriebswirtschaftlichen und steuerlichen Fragestellungen Eigenst\u00e4ndige Mandantenbetreuung mit einem festen Mandantenkreis Profil Eine Ausbildung zum Steuerfachangestellten (m\/w), gerne [&hellip;]<\/p>\n","protected":false},"author":1,"featured_media":0,"parent":0,"menu_order":0,"comment_status":"closed","ping_status":"closed","template":"","meta":{"footnotes":""},"class_list":["post-368","page","type-page","status-publish","hentry"],"_links":{"self":[{"href":"https:\/\/hannes-kollegen.de\/en\/wp-json\/wp\/v2\/pages\/368","targetHints":{"allow":["GET"]}}],"collection":[{"href":"https:\/\/hannes-kollegen.de\/en\/wp-json\/wp\/v2\/pages"}],"about":[{"href":"https:\/\/hannes-kollegen.de\/en\/wp-json\/wp\/v2\/types\/page"}],"author":[{"embeddable":true,"href":"https:\/\/hannes-kollegen.de\/en\/wp-json\/wp\/v2\/users\/1"}],"replies":[{"embeddable":true,"href":"https:\/\/hannes-kollegen.de\/en\/wp-json\/wp\/v2\/comments?post=368"}],"version-history":[{"count":19,"href":"https:\/\/hannes-kollegen.de\/en\/wp-json\/wp\/v2\/pages\/368\/revisions"}],"predecessor-version":[{"id":2919,"href":"https:\/\/hannes-kollegen.de\/en\/wp-json\/wp\/v2\/pages\/368\/revisions\/2919"}],"wp:attachment":[{"href":"https:\/\/hannes-kollegen.de\/en\/wp-json\/wp\/v2\/media?parent=368"}],"curies":[{"name":"wp","href":"https:\/\/api.w.org\/{rel}","templated":true}]}}